{"id":97,"date":"2020-01-08T07:11:31","date_gmt":"2020-01-08T06:11:31","guid":{"rendered":"http:\/\/2020.sadlo.eu\/?page_id=97"},"modified":"2025-01-21T10:21:25","modified_gmt":"2025-01-21T09:21:25","slug":"kooperation","status":"publish","type":"page","link":"https:\/\/2020.sadlo.eu\/?page_id=97","title":{"rendered":"Kooperation"},"content":{"rendered":"\t\t<div data-elementor-type=\"wp-page\" data-elementor-id=\"97\" class=\"elementor elementor-97\">\n\t\t\t\t\t\t<section class=\"elementor-section elementor-top-section elementor-element elementor-element-ce090d9 elementor-section-boxed elementor-section-height-default elementor-section-height-default\" data-id=\"ce090d9\" data-element_type=\"section\" data-e-type=\"section\">\n\t\t\t\t\t\t<div class=\"elementor-container elementor-column-gap-default\">\n\t\t\t\t\t<div class=\"elementor-column elementor-col-100 elementor-top-column elementor-element elementor-element-5cb2ffa7\" data-id=\"5cb2ffa7\" data-element_type=\"column\" data-e-type=\"column\">\n\t\t\t<div class=\"elementor-widget-wrap elementor-element-populated\">\n\t\t\t\t\t\t<div class=\"elementor-element elementor-element-44c9c2e5 elementor-widget elementor-widget-text-editor\" data-id=\"44c9c2e5\" data-element_type=\"widget\" data-e-type=\"widget\" data-widget_type=\"text-editor.default\">\n\t\t\t\t<div class=\"elementor-widget-container\">\n\t\t\t\t\t\t\t\t\t<p><strong>mit SchmuckD\u00e4umichen Rechtsanw\u00e4lte<\/strong><\/p>\n<p>B\u00fcro Leipzig (Kanzleisitz)<br \/>Sebastian-Bach-Stra\u00dfe 13 <br \/>04109 Leipzig <\/p>\n<p>Telefon: +49 (0)341 908 570 <br \/>Telefax: +49 (0)341 908 5729 <br \/>Kanzlei@Schmuck-Daeumichen.de <br \/>www.Schmuck-Daeumichen.de<\/p>\t\t\t\t\t\t\t\t<\/div>\n\t\t\t\t<\/div>\n\t\t\t\t\t<\/div>\n\t\t<\/div>\n\t\t\t\t\t<\/div>\n\t\t<\/section>\n\t\t\t\t<\/div>\n\t\t","protected":false},"excerpt":{"rendered":"<p>mit SchmuckD\u00e4umichen Rechtsanw\u00e4lte B\u00fcro Leipzig (Kanzleisitz)Sebastian-Bach-Stra\u00dfe 13 04109 Leipzig Telefon: +49 (0)341 908 570 Telefax: +49 (0)341 908 5729 Kanzlei@Schmuck-Daeumichen.de www.Schmuck-Daeumichen.de<\/p>\n","protected":false},"author":1,"featured_media":0,"parent":0,"menu_order":0,"comment_status":"closed","ping_status":"closed","template":"","meta":{"_EventAllDay":false,"_EventTimezone":"","_EventStartDate":"","_EventEndDate":"","_EventStartDateUTC":"","_EventEndDateUTC":"","_EventShowMap":false,"_EventShowMapLink":false,"_EventURL":"","_EventCost":"","_EventCostDescription":"","_EventCurrencySymbol":"","_EventCurrencyCode":"","_EventCurrencyPosition":"","_EventDateTimeSeparator":"","_EventTimeRangeSeparator":"","_EventOrganizerID":[],"_EventVenueID":[],"_OrganizerEmail":"","_OrganizerPhone":"","_OrganizerWebsite":"","_VenueAddress":"","_VenueCity":"","_VenueCountry":"","_VenueProvince":"","_VenueState":"","_VenueZip":"","_VenuePhone":"","_VenueURL":"","_VenueStateProvince":"","_VenueLat":"","_VenueLng":"","_VenueShowMap":false,"_VenueShowMapLink":false,"footnotes":""},"class_list":["post-97","page","type-page","status-publish","hentry"],"yoast_head":"<!-- This site is optimized with the Yoast SEO plugin v27.4 - https:\/\/yoast.com\/product\/yoast-seo-wordpress\/ -->\n<title>Kooperation -<\/title>\n<meta name=\"robots\" content=\"index, follow, max-snippet:-1, max-image-preview:large, max-video-preview:-1\" \/>\n<link rel=\"canonical\" href=\"https:\/\/2020.sadlo.eu\/?page_id=97\" \/>\n<meta property=\"og:locale\" content=\"de_DE\" \/>\n<meta property=\"og:type\" content=\"article\" \/>\n<meta property=\"og:title\" content=\"Kooperation -\" \/>\n<meta property=\"og:description\" content=\"mit SchmuckD\u00e4umichen Rechtsanw\u00e4lte B\u00fcro Leipzig (Kanzleisitz)Sebastian-Bach-Stra\u00dfe 13 04109 Leipzig Telefon: +49 (0)341 908 570 Telefax: +49 (0)341 908 5729 Kanzlei@Schmuck-Daeumichen.de www.Schmuck-Daeumichen.de\" \/>\n<meta property=\"og:url\" content=\"https:\/\/2020.sadlo.eu\/?page_id=97\" \/>\n<meta property=\"article:modified_time\" content=\"2025-01-21T09:21:25+00:00\" \/>\n<meta name=\"twitter:card\" content=\"summary_large_image\" \/>\n<meta name=\"twitter:label1\" content=\"Gesch\u00e4tzte Lesezeit\" \/>\n\t<meta name=\"twitter:data1\" content=\"1\u00a0Minute\" \/>\n<script type=\"application\/ld+json\" class=\"yoast-schema-graph\">{\"@context\":\"https:\\\/\\\/schema.org\",\"@graph\":[{\"@type\":\"WebPage\",\"@id\":\"https:\\\/\\\/2020.sadlo.eu\\\/?page_id=97\",\"url\":\"https:\\\/\\\/2020.sadlo.eu\\\/?page_id=97\",\"name\":\"Kooperation -\",\"isPartOf\":{\"@id\":\"https:\\\/\\\/2020.sadlo.eu\\\/#website\"},\"datePublished\":\"2020-01-08T06:11:31+00:00\",\"dateModified\":\"2025-01-21T09:21:25+00:00\",\"breadcrumb\":{\"@id\":\"https:\\\/\\\/2020.sadlo.eu\\\/?page_id=97#breadcrumb\"},\"inLanguage\":\"de\",\"potentialAction\":[{\"@type\":\"ReadAction\",\"target\":[\"https:\\\/\\\/2020.sadlo.eu\\\/?page_id=97\"]}]},{\"@type\":\"BreadcrumbList\",\"@id\":\"https:\\\/\\\/2020.sadlo.eu\\\/?page_id=97#breadcrumb\",\"itemListElement\":[{\"@type\":\"ListItem\",\"position\":1,\"name\":\"Startseite\",\"item\":\"https:\\\/\\\/2020.sadlo.eu\\\/\"},{\"@type\":\"ListItem\",\"position\":2,\"name\":\"Kooperation\"}]},{\"@type\":\"WebSite\",\"@id\":\"https:\\\/\\\/2020.sadlo.eu\\\/#website\",\"url\":\"https:\\\/\\\/2020.sadlo.eu\\\/\",\"name\":\"\",\"description\":\"\",\"publisher\":{\"@id\":\"https:\\\/\\\/2020.sadlo.eu\\\/#organization\"},\"potentialAction\":[{\"@type\":\"SearchAction\",\"target\":{\"@type\":\"EntryPoint\",\"urlTemplate\":\"https:\\\/\\\/2020.sadlo.eu\\\/?s={search_term_string}\"},\"query-input\":{\"@type\":\"PropertyValueSpecification\",\"valueRequired\":true,\"valueName\":\"search_term_string\"}}],\"inLanguage\":\"de\"},{\"@type\":\"Organization\",\"@id\":\"https:\\\/\\\/2020.sadlo.eu\\\/#organization\",\"name\":\"RA Michael Sadlo\",\"url\":\"https:\\\/\\\/2020.sadlo.eu\\\/\",\"logo\":{\"@type\":\"ImageObject\",\"inLanguage\":\"de\",\"@id\":\"https:\\\/\\\/2020.sadlo.eu\\\/#\\\/schema\\\/logo\\\/image\\\/\",\"url\":\"https:\\\/\\\/2020.sadlo.eu\\\/wp-content\\\/uploads\\\/2020\\\/01\\\/190912-Rene-Gaens-RA-Michael-Sadlo-L1050274-6-scaled.jpg\",\"contentUrl\":\"https:\\\/\\\/2020.sadlo.eu\\\/wp-content\\\/uploads\\\/2020\\\/01\\\/190912-Rene-Gaens-RA-Michael-Sadlo-L1050274-6-scaled.jpg\",\"width\":2361,\"height\":2560,\"caption\":\"RA Michael Sadlo\"},\"image\":{\"@id\":\"https:\\\/\\\/2020.sadlo.eu\\\/#\\\/schema\\\/logo\\\/image\\\/\"}}]}<\/script>\n<!-- \/ Yoast SEO plugin. -->","yoast_head_json":{"title":"Kooperation -","robots":{"index":"index","follow":"follow","max-snippet":"max-snippet:-1","max-image-preview":"max-image-preview:large","max-video-preview":"max-video-preview:-1"},"canonical":"https:\/\/2020.sadlo.eu\/?page_id=97","og_locale":"de_DE","og_type":"article","og_title":"Kooperation -","og_description":"mit SchmuckD\u00e4umichen Rechtsanw\u00e4lte B\u00fcro Leipzig (Kanzleisitz)Sebastian-Bach-Stra\u00dfe 13 04109 Leipzig Telefon: +49 (0)341 908 570 Telefax: +49 (0)341 908 5729 Kanzlei@Schmuck-Daeumichen.de www.Schmuck-Daeumichen.de","og_url":"https:\/\/2020.sadlo.eu\/?page_id=97","article_modified_time":"2025-01-21T09:21:25+00:00","twitter_card":"summary_large_image","twitter_misc":{"Gesch\u00e4tzte Lesezeit":"1\u00a0Minute"},"schema":{"@context":"https:\/\/schema.org","@graph":[{"@type":"WebPage","@id":"https:\/\/2020.sadlo.eu\/?page_id=97","url":"https:\/\/2020.sadlo.eu\/?page_id=97","name":"Kooperation -","isPartOf":{"@id":"https:\/\/2020.sadlo.eu\/#website"},"datePublished":"2020-01-08T06:11:31+00:00","dateModified":"2025-01-21T09:21:25+00:00","breadcrumb":{"@id":"https:\/\/2020.sadlo.eu\/?page_id=97#breadcrumb"},"inLanguage":"de","potentialAction":[{"@type":"ReadAction","target":["https:\/\/2020.sadlo.eu\/?page_id=97"]}]},{"@type":"BreadcrumbList","@id":"https:\/\/2020.sadlo.eu\/?page_id=97#breadcrumb","itemListElement":[{"@type":"ListItem","position":1,"name":"Startseite","item":"https:\/\/2020.sadlo.eu\/"},{"@type":"ListItem","position":2,"name":"Kooperation"}]},{"@type":"WebSite","@id":"https:\/\/2020.sadlo.eu\/#website","url":"https:\/\/2020.sadlo.eu\/","name":"","description":"","publisher":{"@id":"https:\/\/2020.sadlo.eu\/#organization"},"potentialAction":[{"@type":"SearchAction","target":{"@type":"EntryPoint","urlTemplate":"https:\/\/2020.sadlo.eu\/?s={search_term_string}"},"query-input":{"@type":"PropertyValueSpecification","valueRequired":true,"valueName":"search_term_string"}}],"inLanguage":"de"},{"@type":"Organization","@id":"https:\/\/2020.sadlo.eu\/#organization","name":"RA Michael Sadlo","url":"https:\/\/2020.sadlo.eu\/","logo":{"@type":"ImageObject","inLanguage":"de","@id":"https:\/\/2020.sadlo.eu\/#\/schema\/logo\/image\/","url":"https:\/\/2020.sadlo.eu\/wp-content\/uploads\/2020\/01\/190912-Rene-Gaens-RA-Michael-Sadlo-L1050274-6-scaled.jpg","contentUrl":"https:\/\/2020.sadlo.eu\/wp-content\/uploads\/2020\/01\/190912-Rene-Gaens-RA-Michael-Sadlo-L1050274-6-scaled.jpg","width":2361,"height":2560,"caption":"RA Michael Sadlo"},"image":{"@id":"https:\/\/2020.sadlo.eu\/#\/schema\/logo\/image\/"}}]}},"_links":{"self":[{"href":"https:\/\/2020.sadlo.eu\/index.php?rest_route=\/wp\/v2\/pages\/97","targetHints":{"allow":["GET"]}}],"collection":[{"href":"https:\/\/2020.sadlo.eu\/index.php?rest_route=\/wp\/v2\/pages"}],"about":[{"href":"https:\/\/2020.sadlo.eu\/index.php?rest_route=\/wp\/v2\/types\/page"}],"author":[{"embeddable":true,"href":"https:\/\/2020.sadlo.eu\/index.php?rest_route=\/wp\/v2\/users\/1"}],"replies":[{"embeddable":true,"href":"https:\/\/2020.sadlo.eu\/index.php?rest_route=%2Fwp%2Fv2%2Fcomments&post=97"}],"version-history":[{"count":62,"href":"https:\/\/2020.sadlo.eu\/index.php?rest_route=\/wp\/v2\/pages\/97\/revisions"}],"predecessor-version":[{"id":2513,"href":"https:\/\/2020.sadlo.eu\/index.php?rest_route=\/wp\/v2\/pages\/97\/revisions\/2513"}],"wp:attachment":[{"href":"https:\/\/2020.sadlo.eu\/index.php?rest_route=%2Fwp%2Fv2%2Fmedia&parent=97"}],"curies":[{"name":"wp","href":"https:\/\/api.w.org\/{rel}","templated":true}]}}