{"id":52,"date":"2020-01-07T14:56:21","date_gmt":"2020-01-07T13:56:21","guid":{"rendered":"http:\/\/2020.sadlo.eu\/?page_id=52"},"modified":"2022-01-27T19:42:11","modified_gmt":"2022-01-27T18:42:11","slug":"veranstaltungen","status":"publish","type":"page","link":"https:\/\/2020.sadlo.eu\/?page_id=52","title":{"rendered":"Seminare 2020"},"content":{"rendered":"\t\t<div data-elementor-type=\"wp-page\" data-elementor-id=\"52\" class=\"elementor elementor-52\">\n\t\t\t\t\t\t<section class=\"elementor-section elementor-top-section elementor-element elementor-element-5c75424f elementor-section-boxed elementor-section-height-default elementor-section-height-default\" data-id=\"5c75424f\" data-element_type=\"section\" data-e-type=\"section\">\n\t\t\t\t\t\t<div class=\"elementor-container elementor-column-gap-default\">\n\t\t\t\t\t<div class=\"elementor-column elementor-col-100 elementor-top-column elementor-element elementor-element-6d64c8cd\" data-id=\"6d64c8cd\" data-element_type=\"column\" data-e-type=\"column\">\n\t\t\t<div class=\"elementor-widget-wrap elementor-element-populated\">\n\t\t\t\t\t\t<div class=\"elementor-element elementor-element-2be652cb elementor-widget elementor-widget-text-editor\" data-id=\"2be652cb\" data-element_type=\"widget\" data-e-type=\"widget\" data-widget_type=\"text-editor.default\">\n\t\t\t\t<div class=\"elementor-widget-container\">\n\t\t\t\t\t\t\t\t\t<p><\/p>\n<table border=\"0\" width=\"415\">\n<tbody>\n<tr>\n<td style=\"text-align: left;\" valign=\"top\"><span style=\"color: #999999;\">Aktuelle Rechtsprechung im Miet- und WEG-Recht<\/span><br \/><span style=\"color: #999999;\">Referenten:<\/span><br \/><span style=\"color: #999999;\"><a style=\"color: #999999;\" href=\"https:\/\/2020.sadlo.eu\/wp-content\/uploads\/2020\/01\/Dr-Peter-Kiess-Webseite.pdf\" target=\"_blank\" rel=\"noopener noreferrer\"> Dr. Peter Kie\u00df (VorsR am LG Dresden)<\/a><\/span><br \/><span style=\"color: #999999;\"><a style=\"color: #999999;\" href=\"https:\/\/2020.sadlo.eu\/wp-content\/uploads\/2020\/01\/Thomas-Gebhard-Webseite-neu-160120201500.pdf\" target=\"_blank\" rel=\"noopener noreferrer\"> Thomas Gebhard (weiterer aufsichtsf\u00fchrender Richter am AG Dresden)<\/a> <\/span><br \/><span style=\"color: #999999;\"><a style=\"color: #999999;\" href=\"http:\/\/2020.sadlo.eu\/?page_id=56\" target=\"_blank\" rel=\"noopener noreferrer\"> Michael Sadlo (Fachanwalt f\u00fcr Miet- und WEG-Recht)<\/a><\/span><\/td>\n<td style=\"text-align: center;\" valign=\"top\"><span style=\"color: #999999;\">12.\/13. Juni 2020<\/span><\/td>\n<td style=\"text-align: center;\" valign=\"top\"><span style=\"color: #999999;\">Inhalt <a style=\"color: #999999;\" href=\"https:\/\/2020.sadlo.eu\/wp-content\/uploads\/2020\/01\/MuWEG-Juni-2020.pdf\" target=\"_blank\" rel=\"noopener noreferrer\">hier<\/a><\/span><br \/><span style=\"color: #999999;\">Feedback hier<\/span><\/td>\n<\/tr>\n<tr>\n<td style=\"text-align: left;\" valign=\"top\"><span style=\"color: #999999;\">Aktuelle Rechtsprechung im Miet- und WEG-Recht <\/span><br \/><span style=\"color: #999999;\">Referenten:<\/span><br \/><span style=\"color: #999999;\"><a style=\"color: #999999;\" href=\"https:\/\/2020.sadlo.eu\/wp-content\/uploads\/2020\/01\/Dr-Peter-Kiess-Webseite.pdf\" target=\"_blank\" rel=\"noopener noreferrer\"> Dr. Peter Kie\u00df (VorsR am LG Dresden)<\/a><\/span><br \/><span style=\"color: #999999;\"><a style=\"color: #999999;\" href=\"https:\/\/2020.sadlo.eu\/wp-content\/uploads\/2020\/01\/Thomas-Gebhard-Webseite-neu-160120201500.pdf\" target=\"_blank\" rel=\"noopener noreferrer\"> Thomas Gebhard (weiterer aufsichtsf\u00fchrender Richter am AG Dresden)<\/a> <\/span><br \/><span style=\"color: #999999;\"><a style=\"color: #999999;\" href=\"https:\/\/2020.sadlo.eu\/?page_id=56\" target=\"_blank\" rel=\"noopener noreferrer\"> Michael Sadlo (Fachanwalt f\u00fcr Miet- und WEG-Recht)<\/a><\/span><\/td>\n<td style=\"text-align: center;\" valign=\"top\"><span style=\"color: #999999;\">11.\/12. September 2020<\/span><\/td>\n<td valign=\"top\"><span style=\"color: #999999;\">Inhalt <a style=\"color: #999999;\" href=\"https:\/\/2020.sadlo.eu\/wp-content\/uploads\/2020\/01\/MuWEG-September-2020.pdf\" target=\"_blank\" rel=\"noopener noreferrer\">hier<\/a><\/span><br \/><span style=\"color: #999999;\">Feedback <a style=\"color: #999999;\" href=\"https:\/\/2020.sadlo.eu\/wp-content\/uploads\/2021\/08\/tf-september-2020.pdf\" target=\"_blank\" rel=\"noopener noreferrer\">hier<\/a><\/span><\/td>\n<\/tr>\n<tr>\n<td style=\"text-align: left;\" valign=\"_top\"><span style=\"color: #999999;\">Der Gewerberaummieter in der Insolvenz<\/span><br \/><span style=\"color: #999999;\">Fortbildungsveranstaltung (5 Zeitstunden) f\u00fcr Fachanw\u00e4lte im Miet- und WEG-Recht <\/span><br \/><span style=\"color: #999999;\">Referenten:<\/span><br \/><span style=\"color: #999999;\"><a style=\"color: #999999;\" href=\"http:\/\/2020.sadlo.eu\/?page_id=134\" target=\"_blank\" rel=\"noopener noreferrer\"> FA f\u00fcr Miet- und WEG-Recht Michael Sadlo<\/a><\/span><br \/><span style=\"color: #999999;\"><a style=\"color: #999999;\" href=\"http:\/\/www.ra-andrew-seidl.de\" target=\"_blank\" rel=\"noopener noreferrer\">FA f\u00fcr Insolvenzrecht Andrew Seidl<\/a><\/span><br \/><span style=\"color: #999999;\">Veranstalter: <a style=\"color: #999999;\" href=\"https:\/\/www.rak-sachsen.de\" target=\"_blank\" rel=\"noopener noreferrer\">Rechtsanwaltskammer Sachsen<\/a><\/span><\/td>\n<td valign=\"top\" width=\"30%\">\n<p style=\"text-align: center;\"><span style=\"color: #999999;\">08. Oktober 2020 <br \/>ausgebucht\u00a0<\/span><\/p>\n<\/td>\n<td valign=\"top\" width=\"10%\">\n<p><span style=\"color: #999999;\">Inhalt <a style=\"color: #999999;\" title=\"nun verf\u00fcgbar\" href=\"https:\/\/2020.sadlo.eu\/wp-content\/uploads\/2020\/02\/ib-08-10-2020.pdf\" target=\"_blank\" rel=\"noopener noreferrer\">hier<\/a><\/span><br \/><span style=\"color: #999999;\">Feedback hier<\/span><br \/><span style=\"color: #999999;\">Link zur mietrechtlichen Veranstaltung bei der Anwaltskammer <\/span><a style=\"color: #999999;\" href=\"https:\/\/www.datev.de\/cuonpu2\/mandant\/25\/SeminarUebersichtLayout.jspx\" target=\"_blank\" rel=\"noopener noreferrer\">hier<\/a><\/p>\n<\/td>\n<\/tr>\n<tr>\n<td style=\"text-align: left;\" valign=\"top\"><span style=\"color: #999999;\">Aktuelle Rechtsprechung im Arbeitsrecht <\/span><br \/><span style=\"color: #999999;\">Referenten:<\/span><br \/><span style=\"color: #999999;\"><a style=\"color: #999999;\" href=\"..\/wp-content\/uploads\/2020\/01\/LinkzuReferenten.pdf\" target=\"_blank\" rel=\"noopener noreferrer\"> Manfred Arnold (VorsR am LAG Baden-W\u00fcrttemberg a.D.)<br \/>Christoph Tillmanns (VorsR am LAG Baden-W\u00fcrttemberg)<\/a><\/span><\/td>\n<td style=\"text-align: center;\" title=\"\" valign=\"top\"><span style=\"color: #999999;\">15.\/16. Oktober 2020<\/span><br \/><span style=\"color: #999999;\">ausgebucht<\/span><\/td>\n<td valign=\"top\">Inhalt <a href=\"https:\/\/2020.sadlo.eu\/wp-content\/uploads\/2020\/10\/deckblatt.pdf\" target=\"_blank\" rel=\"noopener noreferrer\">hier<\/a> <!--<br \/>\n<br>Anmeldeformular <a href=\"https:\/\/2020.sadlo.eu\/wp-content\/uploads\/2020\/01\/af-03_2020.pdf\" target=\"_blank\" rel=\"noopener noreferrer\">hier<\/a><br \/>\n--> <br \/>Feedback <a href=\"https:\/\/2020.sadlo.eu\/wp-content\/uploads\/2020\/10\/frboe-sem-ok-2020.pdf\" target=\"_blank\" rel=\"noopener noreferrer\">hier<\/a><\/td>\n<\/tr>\n<tr>\n<td style=\"text-align: left;\" valign=\"top\"><span style=\"color: #999999;\">Aktuelle Rechtsprechung im Miet- und WEG-Recht <\/span><br \/><span style=\"color: #999999;\">Referenten:<\/span><br \/><a href=\"https:\/\/2020.sadlo.eu\/wp-content\/uploads\/2020\/01\/Dr-Peter-Kiess-Webseite.pdf\" target=\"_blank\" rel=\"noopener noreferrer\"> Dr. Peter Kie\u00df (VorsR am LG Dresden)<\/a><br \/><a href=\"https:\/\/2020.sadlo.eu\/wp-content\/uploads\/2020\/01\/Thomas-Gebhard-Webseite-neu-160120201500.pdf\" target=\"_blank\" rel=\"noopener noreferrer\"> Thomas Gebhard (weiterer aufsichtsf\u00fchrender Richter am AG Dresden)<\/a> <br \/><a href=\"https:\/\/2020.sadlo.eu\/?page_id=56\" target=\"_blank\" rel=\"noopener noreferrer\"> Michael Sadlo (Fachanwalt f\u00fcr Miet- und WEG-Recht)<\/a><\/td>\n<td valign=\"top\">\n<p><span style=\"color: #ff0000;\"><span style=\"color: #999999;\">06.\/07. November 2020<\/span><br \/><span style=\"color: #999999;\">ausgebucht<\/span><\/span><\/p>\n<p>wurde auf Grund von COVID-19 auf April 2021 verlegt<\/p>\n<\/td>\n<td valign=\"top\">Inhalt <a href=\"https:\/\/2020.sadlo.eu\/wp-content\/uploads\/2020\/09\/MuWEG-06_07_november-2020.pdf\" target=\"_blank\" rel=\"noopener noreferrer\">hier<\/a><\/td>\n<\/tr>\n<tr>\n<td style=\"text-align: left;\" valign=\"top\"><span style=\"color: #999999;\">Aktuelle Rechtsprechung im Miet- und WEG-Recht <\/span><br \/><span style=\"color: #999999;\">Referenten:<\/span><br \/><a href=\"https:\/\/2020.sadlo.eu\/wp-content\/uploads\/2020\/01\/Dr-Peter-Kiess-Webseite.pdf\" target=\"_blank\" rel=\"noopener noreferrer\"> Dr. Peter Kie\u00df (VorsR am LG Dresden)<\/a><br \/><a href=\"https:\/\/2020.sadlo.eu\/wp-content\/uploads\/2020\/01\/Thomas-Gebhard-Webseite-neu-160120201500.pdf\" target=\"_blank\" rel=\"noopener noreferrer\"> Thomas Gebhard (weiterer aufsichtsf\u00fchrender Richter am AG Dresden)<\/a> <br \/><a href=\"https:\/\/2020.sadlo.eu\/?page_id=56\" target=\"_blank\" rel=\"noopener noreferrer\"> Michael Sadlo (Fachanwalt f\u00fcr Miet- und WEG-Recht)<\/a><\/td>\n<td valign=\"top\">\n<p><span style=\"color: #999999;\">13.\/14. November 2020<br \/>ausgebucht<\/span><\/p>\n<p>wurde auf Grund von COVID-19 auf April 2021 verlegt<\/p>\n<\/td>\n<td valign=\"top\">Inhalt <a href=\"https:\/\/2020.sadlo.eu\/wp-content\/uploads\/2020\/09\/MuWEG-13_14_november-2020.pdf\" target=\"_blank\" rel=\"noopener noreferrer\">hier<\/a><\/td>\n<\/tr>\n<\/tbody>\n<\/table>\n<p style=\"text-align: left;\"><\/p>\n<p style=\"text-align: left;\"><\/p>\n<p style=\"text-align: left;\">\u00a0<\/p>\n<p><\/p>\t\t\t\t\t\t\t\t<\/div>\n\t\t\t\t<\/div>\n\t\t\t\t\t<\/div>\n\t\t<\/div>\n\t\t\t\t\t<\/div>\n\t\t<\/section>\n\t\t\t\t<\/div>\n\t\t","protected":false},"excerpt":{"rendered":"<p>Aktuelle Rechtsprechung im Miet- und WEG-RechtReferenten: Dr. Peter Kie\u00df (VorsR am LG Dresden) Thomas Gebhard (weiterer aufsichtsf\u00fchrender Richter am AG Dresden) Michael Sadlo (Fachanwalt f\u00fcr Miet- und WEG-Recht) 12.\/13. Juni&#8230;<\/p>\n","protected":false},"author":1,"featured_media":0,"parent":1847,"menu_order":0,"comment_status":"closed","ping_status":"closed","template":"","meta":{"_EventAllDay":false,"_EventTimezone":"","_EventStartDate":"","_EventEndDate":"","_EventStartDateUTC":"","_EventEndDateUTC":"","_EventShowMap":false,"_EventShowMapLink":false,"_EventURL":"","_EventCost":"","_EventCostDescription":"","_EventCurrencySymbol":"","_EventCurrencyCode":"","_EventCurrencyPosition":"","_EventDateTimeSeparator":"","_EventTimeRangeSeparator":"","_EventOrganizerID":[],"_EventVenueID":[],"_OrganizerEmail":"","_OrganizerPhone":"","_OrganizerWebsite":"","_VenueAddress":"","_VenueCity":"","_VenueCountry":"","_VenueProvince":"","_VenueState":"","_VenueZip":"","_VenuePhone":"","_VenueURL":"","_VenueStateProvince":"","_VenueLat":"","_VenueLng":"","_VenueShowMap":false,"_VenueShowMapLink":false,"footnotes":""},"class_list":["post-52","page","type-page","status-publish","hentry"],"yoast_head":"<!-- This site is optimized with the Yoast SEO plugin v27.4 - https:\/\/yoast.com\/product\/yoast-seo-wordpress\/ -->\n<title>Seminare 2020 -<\/title>\n<meta name=\"robots\" content=\"index, follow, max-snippet:-1, max-image-preview:large, max-video-preview:-1\" \/>\n<link rel=\"canonical\" href=\"https:\/\/2020.sadlo.eu\/?page_id=52\" \/>\n<meta property=\"og:locale\" content=\"de_DE\" \/>\n<meta property=\"og:type\" content=\"article\" \/>\n<meta property=\"og:title\" content=\"Seminare 2020 -\" \/>\n<meta property=\"og:description\" content=\"Aktuelle Rechtsprechung im Miet- und WEG-RechtReferenten: Dr. Peter Kie\u00df (VorsR am LG Dresden) Thomas Gebhard (weiterer aufsichtsf\u00fchrender Richter am AG Dresden) Michael Sadlo (Fachanwalt f\u00fcr Miet- und WEG-Recht) 12.\/13. Juni...\" \/>\n<meta property=\"og:url\" content=\"https:\/\/2020.sadlo.eu\/?page_id=52\" \/>\n<meta property=\"article:modified_time\" content=\"2022-01-27T18:42:11+00:00\" \/>\n<meta name=\"twitter:card\" content=\"summary_large_image\" \/>\n<meta name=\"twitter:label1\" content=\"Gesch\u00e4tzte Lesezeit\" \/>\n\t<meta name=\"twitter:data1\" content=\"2\u00a0Minuten\" \/>\n<script type=\"application\/ld+json\" class=\"yoast-schema-graph\">{\"@context\":\"https:\\\/\\\/schema.org\",\"@graph\":[{\"@type\":\"WebPage\",\"@id\":\"https:\\\/\\\/2020.sadlo.eu\\\/?page_id=52\",\"url\":\"https:\\\/\\\/2020.sadlo.eu\\\/?page_id=52\",\"name\":\"Seminare 2020 -\",\"isPartOf\":{\"@id\":\"https:\\\/\\\/2020.sadlo.eu\\\/#website\"},\"datePublished\":\"2020-01-07T13:56:21+00:00\",\"dateModified\":\"2022-01-27T18:42:11+00:00\",\"breadcrumb\":{\"@id\":\"https:\\\/\\\/2020.sadlo.eu\\\/?page_id=52#breadcrumb\"},\"inLanguage\":\"de\",\"potentialAction\":[{\"@type\":\"ReadAction\",\"target\":[\"https:\\\/\\\/2020.sadlo.eu\\\/?page_id=52\"]}]},{\"@type\":\"BreadcrumbList\",\"@id\":\"https:\\\/\\\/2020.sadlo.eu\\\/?page_id=52#breadcrumb\",\"itemListElement\":[{\"@type\":\"ListItem\",\"position\":1,\"name\":\"Startseite\",\"item\":\"https:\\\/\\\/2020.sadlo.eu\\\/\"},{\"@type\":\"ListItem\",\"position\":2,\"name\":\"Seminare 2022 alt\",\"item\":\"https:\\\/\\\/2020.sadlo.eu\\\/?page_id=1847\"},{\"@type\":\"ListItem\",\"position\":3,\"name\":\"Seminare 2020\"}]},{\"@type\":\"WebSite\",\"@id\":\"https:\\\/\\\/2020.sadlo.eu\\\/#website\",\"url\":\"https:\\\/\\\/2020.sadlo.eu\\\/\",\"name\":\"\",\"description\":\"\",\"publisher\":{\"@id\":\"https:\\\/\\\/2020.sadlo.eu\\\/#organization\"},\"potentialAction\":[{\"@type\":\"SearchAction\",\"target\":{\"@type\":\"EntryPoint\",\"urlTemplate\":\"https:\\\/\\\/2020.sadlo.eu\\\/?s={search_term_string}\"},\"query-input\":{\"@type\":\"PropertyValueSpecification\",\"valueRequired\":true,\"valueName\":\"search_term_string\"}}],\"inLanguage\":\"de\"},{\"@type\":\"Organization\",\"@id\":\"https:\\\/\\\/2020.sadlo.eu\\\/#organization\",\"name\":\"RA Michael Sadlo\",\"url\":\"https:\\\/\\\/2020.sadlo.eu\\\/\",\"logo\":{\"@type\":\"ImageObject\",\"inLanguage\":\"de\",\"@id\":\"https:\\\/\\\/2020.sadlo.eu\\\/#\\\/schema\\\/logo\\\/image\\\/\",\"url\":\"https:\\\/\\\/2020.sadlo.eu\\\/wp-content\\\/uploads\\\/2020\\\/01\\\/190912-Rene-Gaens-RA-Michael-Sadlo-L1050274-6-scaled.jpg\",\"contentUrl\":\"https:\\\/\\\/2020.sadlo.eu\\\/wp-content\\\/uploads\\\/2020\\\/01\\\/190912-Rene-Gaens-RA-Michael-Sadlo-L1050274-6-scaled.jpg\",\"width\":2361,\"height\":2560,\"caption\":\"RA Michael Sadlo\"},\"image\":{\"@id\":\"https:\\\/\\\/2020.sadlo.eu\\\/#\\\/schema\\\/logo\\\/image\\\/\"}}]}<\/script>\n<!-- \/ Yoast SEO plugin. -->","yoast_head_json":{"title":"Seminare 2020 -","robots":{"index":"index","follow":"follow","max-snippet":"max-snippet:-1","max-image-preview":"max-image-preview:large","max-video-preview":"max-video-preview:-1"},"canonical":"https:\/\/2020.sadlo.eu\/?page_id=52","og_locale":"de_DE","og_type":"article","og_title":"Seminare 2020 -","og_description":"Aktuelle Rechtsprechung im Miet- und WEG-RechtReferenten: Dr. Peter Kie\u00df (VorsR am LG Dresden) Thomas Gebhard (weiterer aufsichtsf\u00fchrender Richter am AG Dresden) Michael Sadlo (Fachanwalt f\u00fcr Miet- und WEG-Recht) 12.\/13. Juni...","og_url":"https:\/\/2020.sadlo.eu\/?page_id=52","article_modified_time":"2022-01-27T18:42:11+00:00","twitter_card":"summary_large_image","twitter_misc":{"Gesch\u00e4tzte Lesezeit":"2\u00a0Minuten"},"schema":{"@context":"https:\/\/schema.org","@graph":[{"@type":"WebPage","@id":"https:\/\/2020.sadlo.eu\/?page_id=52","url":"https:\/\/2020.sadlo.eu\/?page_id=52","name":"Seminare 2020 -","isPartOf":{"@id":"https:\/\/2020.sadlo.eu\/#website"},"datePublished":"2020-01-07T13:56:21+00:00","dateModified":"2022-01-27T18:42:11+00:00","breadcrumb":{"@id":"https:\/\/2020.sadlo.eu\/?page_id=52#breadcrumb"},"inLanguage":"de","potentialAction":[{"@type":"ReadAction","target":["https:\/\/2020.sadlo.eu\/?page_id=52"]}]},{"@type":"BreadcrumbList","@id":"https:\/\/2020.sadlo.eu\/?page_id=52#breadcrumb","itemListElement":[{"@type":"ListItem","position":1,"name":"Startseite","item":"https:\/\/2020.sadlo.eu\/"},{"@type":"ListItem","position":2,"name":"Seminare 2022 alt","item":"https:\/\/2020.sadlo.eu\/?page_id=1847"},{"@type":"ListItem","position":3,"name":"Seminare 2020"}]},{"@type":"WebSite","@id":"https:\/\/2020.sadlo.eu\/#website","url":"https:\/\/2020.sadlo.eu\/","name":"","description":"","publisher":{"@id":"https:\/\/2020.sadlo.eu\/#organization"},"potentialAction":[{"@type":"SearchAction","target":{"@type":"EntryPoint","urlTemplate":"https:\/\/2020.sadlo.eu\/?s={search_term_string}"},"query-input":{"@type":"PropertyValueSpecification","valueRequired":true,"valueName":"search_term_string"}}],"inLanguage":"de"},{"@type":"Organization","@id":"https:\/\/2020.sadlo.eu\/#organization","name":"RA Michael Sadlo","url":"https:\/\/2020.sadlo.eu\/","logo":{"@type":"ImageObject","inLanguage":"de","@id":"https:\/\/2020.sadlo.eu\/#\/schema\/logo\/image\/","url":"https:\/\/2020.sadlo.eu\/wp-content\/uploads\/2020\/01\/190912-Rene-Gaens-RA-Michael-Sadlo-L1050274-6-scaled.jpg","contentUrl":"https:\/\/2020.sadlo.eu\/wp-content\/uploads\/2020\/01\/190912-Rene-Gaens-RA-Michael-Sadlo-L1050274-6-scaled.jpg","width":2361,"height":2560,"caption":"RA Michael Sadlo"},"image":{"@id":"https:\/\/2020.sadlo.eu\/#\/schema\/logo\/image\/"}}]}},"_links":{"self":[{"href":"https:\/\/2020.sadlo.eu\/index.php?rest_route=\/wp\/v2\/pages\/52","targetHints":{"allow":["GET"]}}],"collection":[{"href":"https:\/\/2020.sadlo.eu\/index.php?rest_route=\/wp\/v2\/pages"}],"about":[{"href":"https:\/\/2020.sadlo.eu\/index.php?rest_route=\/wp\/v2\/types\/page"}],"author":[{"embeddable":true,"href":"https:\/\/2020.sadlo.eu\/index.php?rest_route=\/wp\/v2\/users\/1"}],"replies":[{"embeddable":true,"href":"https:\/\/2020.sadlo.eu\/index.php?rest_route=%2Fwp%2Fv2%2Fcomments&post=52"}],"version-history":[{"count":146,"href":"https:\/\/2020.sadlo.eu\/index.php?rest_route=\/wp\/v2\/pages\/52\/revisions"}],"predecessor-version":[{"id":2040,"href":"https:\/\/2020.sadlo.eu\/index.php?rest_route=\/wp\/v2\/pages\/52\/revisions\/2040"}],"up":[{"embeddable":true,"href":"https:\/\/2020.sadlo.eu\/index.php?rest_route=\/wp\/v2\/pages\/1847"}],"wp:attachment":[{"href":"https:\/\/2020.sadlo.eu\/index.php?rest_route=%2Fwp%2Fv2%2Fmedia&parent=52"}],"curies":[{"name":"wp","href":"https:\/\/api.w.org\/{rel}","templated":true}]}}