{"id":1056,"date":"2020-01-14T20:29:45","date_gmt":"2020-01-14T19:29:45","guid":{"rendered":"http:\/\/2020.sadlo.eu\/?page_id=1056"},"modified":"2024-10-02T14:51:03","modified_gmt":"2024-10-02T12:51:03","slug":"impressum-2","status":"publish","type":"page","link":"https:\/\/2020.sadlo.eu\/?page_id=1056","title":{"rendered":"IMPRESSUM"},"content":{"rendered":"\n<p>Angaben gem\u00e4\u00df \u00a7 6 des Teledienstgesetzes in der Fassung des Gesetzes \u00fcber rechtliche Rahmenbedingungen f\u00fcr den elektronischen Gesch\u00e4ftsverkehr vom 20.12.2001.<\/p>\n\n\n<div class=\"wp-block-image\">\n<figure class=\"alignright size-large is-resized\"><img fetchpriority=\"high\" decoding=\"async\" width=\"1024\" height=\"926\" src=\"http:\/\/2020.sadlo.eu\/wp-content\/uploads\/2020\/01\/Sadlo-2-1024x926.jpg\" alt=\"\" class=\"wp-image-448\" style=\"width:228px;height:206px\" srcset=\"https:\/\/2020.sadlo.eu\/wp-content\/uploads\/2020\/01\/Sadlo-2-1024x926.jpg 1024w, https:\/\/2020.sadlo.eu\/wp-content\/uploads\/2020\/01\/Sadlo-2-300x271.jpg 300w, https:\/\/2020.sadlo.eu\/wp-content\/uploads\/2020\/01\/Sadlo-2-768x694.jpg 768w, https:\/\/2020.sadlo.eu\/wp-content\/uploads\/2020\/01\/Sadlo-2.jpg 1514w\" sizes=\"(max-width: 1024px) 100vw, 1024px\" \/><\/figure>\n<\/div>\n\n\n<p><strong>Rechtsanwalt Michael Sadlo<\/strong><br>Elbstra\u00dfe 1 <br>01809 Heidenau<br>Telefon +49 (0)3529 122 28 70 <br>Fax       +49 (0)3529 122 28 72<br><a aria-label=\" (\u00f6ffnet in neuem Tab)\" href=\"mailto:kanzlei@sadlo.eu\" target=\"_blank\" rel=\"noreferrer noopener\">kanzlei@sadlo.eu<\/a><br>Umsatzsteueridentifikationsnummer: DE 140346655<\/p>\n\n\n\n<p>Ich bin Mitglied der Rechtsanwaltskammer Sachsen<br> Glacisstra\u00dfe 6 &#8211; 01099 Dresden &#8211; <a href=\"mailto:info@rak-sachsen.de\">info@rak-sachsen.de<\/a><\/p>\n\n\n\n<p>Die Berufsbezeichnung lautet &#8222;Rechtsanwalt&#8220;.<br>Ich bin in der Bundesrepublik Deutschland zugelassen.<br>F\u00fcr die berufliche T\u00e4tigkeit gelten folgende Berufsregeln:<\/p>\n\n\n\n<ul class=\"wp-block-list\">\n<li>Berufsordnung f\u00fcr Rechtsanw\u00e4lte (BORA)<\/li>\n\n\n\n<li>Geldw\u00e4schebek\u00e4mpfungsgesetz (GBG)<\/li>\n\n\n\n<li>Bundesrechtsanwaltsordnung (BRAO)<\/li>\n\n\n\n<li>Rechtsanwaltsverg\u00fctungsgesetz (RVG)<\/li>\n\n\n\n<li>Fachanwaltsordnung (FAO)<\/li>\n\n\n\n<li>Berufsregeln der Rechtsanw\u00e4lte der Europ\u00e4ischen Union (CCBE)<\/li>\n\n\n\n<li>Diese Regeln k\u00f6nnen Sie auf der Homepage der Bundesrechtsanwaltskammer (www.brak.de) einsehen.<\/li>\n<\/ul>\n\n\n\n<p><strong>Berufshaftpflichtversicherung:<\/strong><br>Allianz Versicherung-AG<br> 10900 Berlin<br> Tel.: +49 (0)40 6946933704<br> Der Versicherungsschutz bezieht sich nicht auf Haftpflichtanspr\u00fcche aus T\u00e4tigkeiten im Zusammenhang mit der Beratung und Besch\u00e4ftigung mit au\u00dfereurop\u00e4ischem Recht und aus T\u00e4tigkeiten des Rechtsanwalts vor au\u00dfereurop\u00e4ischen Gerichten. <br><br> Michael Sadlo<br> Rechtsanwalt<\/p>\n\n\n\n<p><strong>Streitschlichtungsverfahren<\/strong> <br>Seit dem 09.01.2016 ist nach der ODR-Verordnung (Verordnung [EU] Nr. 524\/2013) beim Abschluss von Online-Dienstvertr\u00e4gen auf die europ\u00e4ische Onlinestreitbeilegungsplattform (OS-Plattform) zur au\u00dfergerichtlichen Regelung von Streitigkeiten zwischen Verbrauchern und Unternehmern hinzuweisen. Unter dem folgendem Link k\u00f6nnen Sie die Europ\u00e4ische Plattform f\u00fcr Online-Streitbeilegung in Verbraucherangelegenheiten erreichen: <br><br> https:\/\/ec.europa.eu\/consumers\/odr <br><br> Es wird darauf hingewiesen, dass der Anbieter nicht verpflichtet ist, an einem Streitbeilegungsverfahren vor einer Verbraucherschlichtungsstelle teilzunehmen. Die Bereitschaft dazu kann jedoch im Einzelfall erkl\u00e4rt werden.<\/p>\n\n\n\n<p><strong>Au\u00dfergerichtliches Streitschlichtungsverfahren:<\/strong> <br> Wir sind nicht verpflichtet, an Streitbeilegungsverfahren vor einer Verbraucherschlichtungsstelle teilzunehmen. Die Bereitschaft dazu kann jedoch im Einzelfall erkl\u00e4rt werden. Bei Streitigkeiten zwischen Rechtsanw\u00e4lten und ihren Auftraggebern besteht auf Antrag die M\u00f6glichkeit der au\u00dfergerichtlichen Streitschlichtung bei der Schlichtungsstelle der Rechtsanwaltschaft, im Internet zu finden unter http:\/\/www.schlichtungsstelle-der-rechtsanwaltschaft.de, E-Mail: <a href=\"mailto:schlichtungsstelle@s-d-r.org\">schlichtungsstelle@s-d-r.org<\/a>, Adresse: Schlichtungsstelle der Rechtsanwaltschaft, Rauchstra\u00dfe 26, 10787 Berlin.<\/p>\n\n\n\n<p><br><strong>Gestaltung und Realisierung:<\/strong><br>wiese-jens.de | Strategie. Kommunikation. Design.<br><a href=\"http:\/\/www.wiese-jens.de\/\">www.wiese-jens.de <\/a><\/p>\n\n\n\n<p><strong>Fotos:<\/strong><br>Ren\u00e9 Gaens | <a href=\"http:\/\/www.rene-gaens.de\/\">www.rene-gaens.de <\/a><\/p>\n\n\n\n<p><strong>IT-Betreuung:<\/strong><br>Jens Wiese &#8211; wiese-jens.de &#8211; <a href=\"mailto:service@wiese-jens.de\">service@wiese-jens.de<\/a><\/p>\n\n\n\n<p><strong>Disclaimer<\/strong><br>Diese Website dient ausschlie\u00dflich zur Information. Sie ist nicht zur konkreten Rechtsberatung bestimmt. <br><br> Wir \u00fcbernehmen keine Gew\u00e4hr f\u00fcr die Richtigkeit der auf dieser Website bereit gestellten Informationen. Das gilt auch f\u00fcr Hyperlinks, auf die diese Website direkt oder indirekt verweist.<\/p>\n\n\n\n<div class=\"wp-block-group\"><div class=\"wp-block-group__inner-container is-layout-flow wp-block-group-is-layout-flow\"><\/div><\/div>\n\n\n","protected":false},"excerpt":{"rendered":"<p>Angaben gem\u00e4\u00df \u00a7 6 des Teledienstgesetzes in der Fassung des Gesetzes \u00fcber rechtliche Rahmenbedingungen f\u00fcr den elektronischen Gesch\u00e4ftsverkehr vom 20.12.2001. Rechtsanwalt Michael SadloElbstra\u00dfe 1 01809 HeidenauTelefon +49 (0)3529 122 28&#8230;<\/p>\n","protected":false},"author":1,"featured_media":0,"parent":0,"menu_order":0,"comment_status":"closed","ping_status":"closed","template":"","meta":{"_EventAllDay":false,"_EventTimezone":"","_EventStartDate":"","_EventEndDate":"","_EventStartDateUTC":"","_EventEndDateUTC":"","_EventShowMap":false,"_EventShowMapLink":false,"_EventURL":"","_EventCost":"","_EventCostDescription":"","_EventCurrencySymbol":"","_EventCurrencyCode":"","_EventCurrencyPosition":"","_EventDateTimeSeparator":"","_EventTimeRangeSeparator":"","_EventOrganizerID":[],"_EventVenueID":[],"_OrganizerEmail":"","_OrganizerPhone":"","_OrganizerWebsite":"","_VenueAddress":"","_VenueCity":"","_VenueCountry":"","_VenueProvince":"","_VenueState":"","_VenueZip":"","_VenuePhone":"","_VenueURL":"","_VenueStateProvince":"","_VenueLat":"","_VenueLng":"","_VenueShowMap":false,"_VenueShowMapLink":false,"footnotes":""},"class_list":["post-1056","page","type-page","status-publish","hentry"],"yoast_head":"<!-- This site is optimized with the Yoast SEO plugin v27.4 - https:\/\/yoast.com\/product\/yoast-seo-wordpress\/ -->\n<title>IMPRESSUM -<\/title>\n<meta name=\"robots\" content=\"index, follow, max-snippet:-1, max-image-preview:large, max-video-preview:-1\" \/>\n<link rel=\"canonical\" href=\"https:\/\/2020.sadlo.eu\/?page_id=1056\" \/>\n<meta property=\"og:locale\" content=\"de_DE\" \/>\n<meta property=\"og:type\" content=\"article\" \/>\n<meta property=\"og:title\" content=\"IMPRESSUM -\" \/>\n<meta property=\"og:description\" content=\"Angaben gem\u00e4\u00df \u00a7 6 des Teledienstgesetzes in der Fassung des Gesetzes \u00fcber rechtliche Rahmenbedingungen f\u00fcr den elektronischen Gesch\u00e4ftsverkehr vom 20.12.2001. Rechtsanwalt Michael SadloElbstra\u00dfe 1 01809 HeidenauTelefon +49 (0)3529 122 28...\" \/>\n<meta property=\"og:url\" content=\"https:\/\/2020.sadlo.eu\/?page_id=1056\" \/>\n<meta property=\"article:modified_time\" content=\"2024-10-02T12:51:03+00:00\" \/>\n<meta property=\"og:image\" content=\"http:\/\/2020.sadlo.eu\/wp-content\/uploads\/2020\/01\/Sadlo-2-1024x926.jpg\" \/>\n<meta name=\"twitter:card\" content=\"summary_large_image\" \/>\n<meta name=\"twitter:label1\" content=\"Gesch\u00e4tzte Lesezeit\" \/>\n\t<meta name=\"twitter:data1\" content=\"3\u00a0Minuten\" \/>\n<script type=\"application\/ld+json\" class=\"yoast-schema-graph\">{\"@context\":\"https:\\\/\\\/schema.org\",\"@graph\":[{\"@type\":\"WebPage\",\"@id\":\"https:\\\/\\\/2020.sadlo.eu\\\/?page_id=1056\",\"url\":\"https:\\\/\\\/2020.sadlo.eu\\\/?page_id=1056\",\"name\":\"IMPRESSUM -\",\"isPartOf\":{\"@id\":\"https:\\\/\\\/2020.sadlo.eu\\\/#website\"},\"primaryImageOfPage\":{\"@id\":\"https:\\\/\\\/2020.sadlo.eu\\\/?page_id=1056#primaryimage\"},\"image\":{\"@id\":\"https:\\\/\\\/2020.sadlo.eu\\\/?page_id=1056#primaryimage\"},\"thumbnailUrl\":\"http:\\\/\\\/2020.sadlo.eu\\\/wp-content\\\/uploads\\\/2020\\\/01\\\/Sadlo-2-1024x926.jpg\",\"datePublished\":\"2020-01-14T19:29:45+00:00\",\"dateModified\":\"2024-10-02T12:51:03+00:00\",\"breadcrumb\":{\"@id\":\"https:\\\/\\\/2020.sadlo.eu\\\/?page_id=1056#breadcrumb\"},\"inLanguage\":\"de\",\"potentialAction\":[{\"@type\":\"ReadAction\",\"target\":[\"https:\\\/\\\/2020.sadlo.eu\\\/?page_id=1056\"]}]},{\"@type\":\"ImageObject\",\"inLanguage\":\"de\",\"@id\":\"https:\\\/\\\/2020.sadlo.eu\\\/?page_id=1056#primaryimage\",\"url\":\"https:\\\/\\\/2020.sadlo.eu\\\/wp-content\\\/uploads\\\/2020\\\/01\\\/Sadlo-2.jpg\",\"contentUrl\":\"https:\\\/\\\/2020.sadlo.eu\\\/wp-content\\\/uploads\\\/2020\\\/01\\\/Sadlo-2.jpg\",\"width\":1514,\"height\":1369},{\"@type\":\"BreadcrumbList\",\"@id\":\"https:\\\/\\\/2020.sadlo.eu\\\/?page_id=1056#breadcrumb\",\"itemListElement\":[{\"@type\":\"ListItem\",\"position\":1,\"name\":\"Startseite\",\"item\":\"https:\\\/\\\/2020.sadlo.eu\\\/\"},{\"@type\":\"ListItem\",\"position\":2,\"name\":\"IMPRESSUM\"}]},{\"@type\":\"WebSite\",\"@id\":\"https:\\\/\\\/2020.sadlo.eu\\\/#website\",\"url\":\"https:\\\/\\\/2020.sadlo.eu\\\/\",\"name\":\"\",\"description\":\"\",\"publisher\":{\"@id\":\"https:\\\/\\\/2020.sadlo.eu\\\/#organization\"},\"potentialAction\":[{\"@type\":\"SearchAction\",\"target\":{\"@type\":\"EntryPoint\",\"urlTemplate\":\"https:\\\/\\\/2020.sadlo.eu\\\/?s={search_term_string}\"},\"query-input\":{\"@type\":\"PropertyValueSpecification\",\"valueRequired\":true,\"valueName\":\"search_term_string\"}}],\"inLanguage\":\"de\"},{\"@type\":\"Organization\",\"@id\":\"https:\\\/\\\/2020.sadlo.eu\\\/#organization\",\"name\":\"RA Michael Sadlo\",\"url\":\"https:\\\/\\\/2020.sadlo.eu\\\/\",\"logo\":{\"@type\":\"ImageObject\",\"inLanguage\":\"de\",\"@id\":\"https:\\\/\\\/2020.sadlo.eu\\\/#\\\/schema\\\/logo\\\/image\\\/\",\"url\":\"https:\\\/\\\/2020.sadlo.eu\\\/wp-content\\\/uploads\\\/2020\\\/01\\\/190912-Rene-Gaens-RA-Michael-Sadlo-L1050274-6-scaled.jpg\",\"contentUrl\":\"https:\\\/\\\/2020.sadlo.eu\\\/wp-content\\\/uploads\\\/2020\\\/01\\\/190912-Rene-Gaens-RA-Michael-Sadlo-L1050274-6-scaled.jpg\",\"width\":2361,\"height\":2560,\"caption\":\"RA Michael Sadlo\"},\"image\":{\"@id\":\"https:\\\/\\\/2020.sadlo.eu\\\/#\\\/schema\\\/logo\\\/image\\\/\"}}]}<\/script>\n<!-- \/ Yoast SEO plugin. -->","yoast_head_json":{"title":"IMPRESSUM -","robots":{"index":"index","follow":"follow","max-snippet":"max-snippet:-1","max-image-preview":"max-image-preview:large","max-video-preview":"max-video-preview:-1"},"canonical":"https:\/\/2020.sadlo.eu\/?page_id=1056","og_locale":"de_DE","og_type":"article","og_title":"IMPRESSUM -","og_description":"Angaben gem\u00e4\u00df \u00a7 6 des Teledienstgesetzes in der Fassung des Gesetzes \u00fcber rechtliche Rahmenbedingungen f\u00fcr den elektronischen Gesch\u00e4ftsverkehr vom 20.12.2001. Rechtsanwalt Michael SadloElbstra\u00dfe 1 01809 HeidenauTelefon +49 (0)3529 122 28...","og_url":"https:\/\/2020.sadlo.eu\/?page_id=1056","article_modified_time":"2024-10-02T12:51:03+00:00","og_image":[{"url":"http:\/\/2020.sadlo.eu\/wp-content\/uploads\/2020\/01\/Sadlo-2-1024x926.jpg","type":"","width":"","height":""}],"twitter_card":"summary_large_image","twitter_misc":{"Gesch\u00e4tzte Lesezeit":"3\u00a0Minuten"},"schema":{"@context":"https:\/\/schema.org","@graph":[{"@type":"WebPage","@id":"https:\/\/2020.sadlo.eu\/?page_id=1056","url":"https:\/\/2020.sadlo.eu\/?page_id=1056","name":"IMPRESSUM -","isPartOf":{"@id":"https:\/\/2020.sadlo.eu\/#website"},"primaryImageOfPage":{"@id":"https:\/\/2020.sadlo.eu\/?page_id=1056#primaryimage"},"image":{"@id":"https:\/\/2020.sadlo.eu\/?page_id=1056#primaryimage"},"thumbnailUrl":"http:\/\/2020.sadlo.eu\/wp-content\/uploads\/2020\/01\/Sadlo-2-1024x926.jpg","datePublished":"2020-01-14T19:29:45+00:00","dateModified":"2024-10-02T12:51:03+00:00","breadcrumb":{"@id":"https:\/\/2020.sadlo.eu\/?page_id=1056#breadcrumb"},"inLanguage":"de","potentialAction":[{"@type":"ReadAction","target":["https:\/\/2020.sadlo.eu\/?page_id=1056"]}]},{"@type":"ImageObject","inLanguage":"de","@id":"https:\/\/2020.sadlo.eu\/?page_id=1056#primaryimage","url":"https:\/\/2020.sadlo.eu\/wp-content\/uploads\/2020\/01\/Sadlo-2.jpg","contentUrl":"https:\/\/2020.sadlo.eu\/wp-content\/uploads\/2020\/01\/Sadlo-2.jpg","width":1514,"height":1369},{"@type":"BreadcrumbList","@id":"https:\/\/2020.sadlo.eu\/?page_id=1056#breadcrumb","itemListElement":[{"@type":"ListItem","position":1,"name":"Startseite","item":"https:\/\/2020.sadlo.eu\/"},{"@type":"ListItem","position":2,"name":"IMPRESSUM"}]},{"@type":"WebSite","@id":"https:\/\/2020.sadlo.eu\/#website","url":"https:\/\/2020.sadlo.eu\/","name":"","description":"","publisher":{"@id":"https:\/\/2020.sadlo.eu\/#organization"},"potentialAction":[{"@type":"SearchAction","target":{"@type":"EntryPoint","urlTemplate":"https:\/\/2020.sadlo.eu\/?s={search_term_string}"},"query-input":{"@type":"PropertyValueSpecification","valueRequired":true,"valueName":"search_term_string"}}],"inLanguage":"de"},{"@type":"Organization","@id":"https:\/\/2020.sadlo.eu\/#organization","name":"RA Michael Sadlo","url":"https:\/\/2020.sadlo.eu\/","logo":{"@type":"ImageObject","inLanguage":"de","@id":"https:\/\/2020.sadlo.eu\/#\/schema\/logo\/image\/","url":"https:\/\/2020.sadlo.eu\/wp-content\/uploads\/2020\/01\/190912-Rene-Gaens-RA-Michael-Sadlo-L1050274-6-scaled.jpg","contentUrl":"https:\/\/2020.sadlo.eu\/wp-content\/uploads\/2020\/01\/190912-Rene-Gaens-RA-Michael-Sadlo-L1050274-6-scaled.jpg","width":2361,"height":2560,"caption":"RA Michael Sadlo"},"image":{"@id":"https:\/\/2020.sadlo.eu\/#\/schema\/logo\/image\/"}}]}},"_links":{"self":[{"href":"https:\/\/2020.sadlo.eu\/index.php?rest_route=\/wp\/v2\/pages\/1056","targetHints":{"allow":["GET"]}}],"collection":[{"href":"https:\/\/2020.sadlo.eu\/index.php?rest_route=\/wp\/v2\/pages"}],"about":[{"href":"https:\/\/2020.sadlo.eu\/index.php?rest_route=\/wp\/v2\/types\/page"}],"author":[{"embeddable":true,"href":"https:\/\/2020.sadlo.eu\/index.php?rest_route=\/wp\/v2\/users\/1"}],"replies":[{"embeddable":true,"href":"https:\/\/2020.sadlo.eu\/index.php?rest_route=%2Fwp%2Fv2%2Fcomments&post=1056"}],"version-history":[{"count":3,"href":"https:\/\/2020.sadlo.eu\/index.php?rest_route=\/wp\/v2\/pages\/1056\/revisions"}],"predecessor-version":[{"id":2448,"href":"https:\/\/2020.sadlo.eu\/index.php?rest_route=\/wp\/v2\/pages\/1056\/revisions\/2448"}],"wp:attachment":[{"href":"https:\/\/2020.sadlo.eu\/index.php?rest_route=%2Fwp%2Fv2%2Fmedia&parent=1056"}],"curies":[{"name":"wp","href":"https:\/\/api.w.org\/{rel}","templated":true}]}}